{"id":55202,"date":"2025-06-19T09:31:32","date_gmt":"2025-06-19T09:31:32","guid":{"rendered":"https:\/\/leverate.com\/politica-de-privacidad-y-cookies\/"},"modified":"2025-12-08T06:30:12","modified_gmt":"2025-12-08T06:30:12","slug":"politica-de-privacidad-y-cookies","status":"publish","type":"page","link":"https:\/\/staging.leverate.com\/es\/politica-de-privacidad-y-cookies\/","title":{"rendered":"Pol\u00edtica de privacidad y cookies"},"content":{"rendered":"<div data-elementor-type=\"wp-page\" data-elementor-id=\"55202\" class=\"elementor elementor-55202 elementor-52527\" data-elementor-post-type=\"page\">\n\t\t\t\t<div class=\"elementor-element elementor-element-7699674 inner-page-heading section-dark hide-bg-mobile fix-bg-left e-con-full e-flex e-con e-parent\" data-id=\"7699674\" data-element_type=\"container\" data-e-type=\"container\" data-settings='{\"background_background\":\"classic\"}'>\n\t\t<div class=\"elementor-element elementor-element-4aeab10 e-flex e-con-boxed e-con e-child\" data-id=\"4aeab10\" data-element_type=\"container\" data-e-type=\"container\" data-settings='{\"background_background\":\"classic\"}'>\n\t\t\t\t\t<div class=\"e-con-inner\">\n\t\t<div class=\"elementor-element elementor-element-987bf68 e-con-full text-box e-flex e-con e-child\" data-id=\"987bf68\" data-element_type=\"container\" data-e-type=\"container\">\n\t\t\t\t<div class=\"elementor-element elementor-element-fe4b6a5 section-dark elementor-widget elementor-widget-text-editor\" data-id=\"fe4b6a5\" data-element_type=\"widget\" data-e-type=\"widget\" data-widget_type=\"text-editor.default\">\n\t\t\t\t\t\t\t\t\t<p>Una secci\u00f3n sobre informaci\u00f3n legal, que incluya t\u00e9rminos y condiciones, pol\u00edtica de privacidad e informaci\u00f3n sobre el cumplimiento de la normativa<\/p>\t\t\t\t\t\t\t\t<\/div>\n\t\t\t\t<\/div>\n\t\t\t\t\t<\/div>\n\t\t\t\t<\/div>\n\t\t<div class=\"elementor-element elementor-element-f2f0c79 e-con-full e-flex e-con e-child\" data-id=\"f2f0c79\" data-element_type=\"container\" data-e-type=\"container\">\n\t\t\t\t<div class=\"elementor-element elementor-element-b3ba4b0 d-block elementor-widget elementor-widget-image\" data-id=\"b3ba4b0\" data-element_type=\"widget\" data-e-type=\"widget\" data-widget_type=\"image.default\">\n\t\t\t\t\t\t\t\t\t\t\t\t\t\t\t<img decoding=\"async\" src=\"https:\/\/staging.leverate.com\/wp-content\/uploads\/2025\/07\/inversion-corner-bottom-right-1.svg\" class=\"attachment-full size-full wp-image-62539\" alt=\"\">\t\t\t\t\t\t\t\t\t\t\t\t\t\t\t<\/div>\n\t\t\t\t<\/div>\n\t\t\t\t<\/div>\n\t\t<div class=\"elementor-element elementor-element-30a21e0 section-grey-gradient-inner-pages e-flex e-con-boxed e-con e-parent\" data-id=\"30a21e0\" data-element_type=\"container\" data-e-type=\"container\">\n\t\t\t\t\t<div class=\"e-con-inner\">\n\t\t<div class=\"elementor-element elementor-element-9d0e993 e-con-full e-flex e-con e-child\" data-id=\"9d0e993\" data-element_type=\"container\" data-e-type=\"container\" data-settings='{\"sticky\":\"top\",\"sticky_on\":[\"desktop\",\"tablet\"],\"sticky_offset\":100,\"sticky_parent\":\"yes\",\"sticky_effects_offset\":0,\"sticky_anchor_link_offset\":0}'>\n\t\t\t\t<div class=\"elementor-element elementor-element-f75bd2b table-of-content-heading elementor-widget elementor-widget-text-editor\" data-id=\"f75bd2b\" data-element_type=\"widget\" data-e-type=\"widget\" data-widget_type=\"text-editor.default\">\n\t\t\t\t\t\t\t\t\t<h4>Temas<\/h4>\t\t\t\t\t\t\t\t<\/div>\n\t\t\t\t<div class=\"elementor-element elementor-element-bc37b1a elementor-widget elementor-widget-shortcode\" data-id=\"bc37b1a\" data-element_type=\"widget\" data-e-type=\"widget\" data-widget_type=\"shortcode.default\">\n\t\t\t\t\t\t\t<div class=\"elementor-shortcode\"><ul class=\"post-anchors-list\"><li class=\" active\"><a href=\"#bienvenido-a-leverate\">Bienvenido a Leverate<\/a><\/li><li class=\"\"><a href=\"#que-datos-recogemos\">\u00bfQu\u00e9 datos recogemos?<\/a><\/li><li class=\"\"><a href=\"#como-recogemos-tus-datos\">\u00bfC\u00f3mo recogemos tus datos?<\/a><\/li><li class=\"\"><a href=\"#como-utilizaremos-tus-datos\">\u00bfC\u00f3mo utilizaremos tus datos?<\/a><\/li><li class=\"\"><a href=\"#como-almacenamos-tus-datos\">\u00bfC\u00f3mo almacenamos tus datos?<\/a><\/li><li class=\"\"><a href=\"#que-son-las-cookies\">\u00bfQu\u00e9 son las cookies?<\/a><\/li><li class=\"\"><a href=\"#como-utilizamos-las-cookies\">\u00bfC\u00f3mo utilizamos las cookies?<\/a><\/li><li class=\"\"><a href=\"#que-tipos-de-cookies-utilizamos\">\u00bfQu\u00e9 tipos de cookies utilizamos?<\/a><\/li><li class=\"\"><a href=\"#como-gestionar-tus-cookies\">\u00bfC\u00f3mo gestionar tus cookies?<\/a><\/li><li class=\"\"><a href=\"#cambio-de-finalidad\">Cambio de finalidad<\/a><\/li><li class=\"\"><a href=\"#cambios-en-nuestra-politica-de-privacidad\">Cambios en nuestra pol\u00edtica de privacidad<\/a><\/li><li class=\"\"><a href=\"#como-contactar-con-nosotros\">\u00bfC\u00f3mo contactar con nosotros?<\/a><\/li><\/ul><\/div>\n\t\t\t\t\t\t<\/div>\n\t\t\t\t<\/div>\n\t\t<div class=\"elementor-element elementor-element-30be9cf e-con-full e-flex e-con e-child\" data-id=\"30be9cf\" data-element_type=\"container\" data-e-type=\"container\">\n\t\t\t\t<div class=\"elementor-element elementor-element-64b0d7a elementor-widget elementor-widget-text-editor\" data-id=\"64b0d7a\" data-element_type=\"widget\" data-e-type=\"widget\" data-widget_type=\"text-editor.default\">\n\t\t\t\t\t\t\t\t\t<h2 id=\"bienvenido-a-leverate\">Bienvenido a Leverate<\/h2><p>Leverate Technological Trading Ltd. (\u00bbLeverate\u00bb o la \u00bbEmpresa\u00bb) forma parte del Grupo Leverate, que se centra en proporcionar soluciones y servicios tecnol\u00f3gicos de intermediaci\u00f3n de primera calidad. Esta pol\u00edtica de privacidad explicar\u00e1 c\u00f3mo utiliza Leverate los datos personales que obtenemos de ti cuando utilizas nuestro sitio web. Leverate intentar\u00e1 garantizar que el uso de tus datos personales sea seguro y se utilice adecuadamente, y que nuestras pr\u00e1cticas en materia de datos se comuniquen con precisi\u00f3n a nuestros clientes potenciales y visitantes.  <\/p><p>Este sitio web no est\u00e1 destinado a ni\u00f1os y no recopilamos a sabiendas datos relacionados con ni\u00f1os menores de 18 a\u00f1os. Es importante que lea este aviso de privacidad junto con cualquier otro aviso de privacidad o aviso de procesamiento justo que podamos proporcionar en ocasiones espec\u00edficas en las que recopilemos o procesemos datos personales sobre usted, para que sea plenamente consciente de c\u00f3mo y por qu\u00e9 estamos utilizando sus datos. Este aviso de privacidad complementa los dem\u00e1s avisos y no pretende anularlos.   Esta Pol\u00edtica de Privacidad se basa en las normas y principios de protecci\u00f3n de datos.<\/p><h2 id=\"que-datos-recogemos\">\u00bfQu\u00e9 datos recogemos?<\/h2><p>Como parte de la prestaci\u00f3n de nuestros servicios, recogemos tus Datos Personales cuando visitas nuestro sitio web. \u00bbInformaci\u00f3n Personal\u00bb significa cualquier informaci\u00f3n a partir de la cual se te pueda identificar personalmente, como tu nombre, direcci\u00f3n de correo electr\u00f3nico, n\u00famero de tel\u00e9fono, etc. <\/p><p>Podemos recopilar, utilizar, almacenar y transferir distintos tipos de datos personales sobre ti, que hemos agrupado de la siguiente manera:<\/p><p>un. Una vez que has entrado en nuestro sitio web, podemos recopilar informaci\u00f3n sobre el hardware desde el que accedes al sitio web, como tu direcci\u00f3n IP, ubicaci\u00f3n geogr\u00e1fica, tipo y versi\u00f3n de navegador\/plataforma, proveedor de servicios de Internet, sistema operativo, fuente de referencia\/p\u00e1ginas de salida, duraci\u00f3n de la visita, p\u00e1ginas vistas, navegaci\u00f3n por el sitio web.<\/p><p>b. Puedes optar por facilitarnos informaci\u00f3n adicional rellenando un formulario con los siguientes datos: nombre completo, direcci\u00f3n de correo electr\u00f3nico, n\u00famero de tel\u00e9fono, direcci\u00f3n de Skype, etc.<\/p><p>c. Si eres cliente de Leverate o de sus clientes, es posible que dispongas de datos de acceso, como el nombre de usuario y la contrase\u00f1a.<\/p><p>No recogemos directamente ninguna Categor\u00eda Especial de Datos Personales sobre ti (esto incluye detalles sobre tu raza o etnia, creencias religiosas o filos\u00f3ficas, vida sexual, orientaci\u00f3n sexual, opiniones pol\u00edticas, afiliaci\u00f3n sindical, informaci\u00f3n sobre tu salud y\/o datos gen\u00e9ticos y biom\u00e9tricos). Tampoco recogemos informaci\u00f3n sobre condenas y delitos penales. Sin embargo, esta informaci\u00f3n puede estar a nuestra disposici\u00f3n a trav\u00e9s de otros complementos de terceros  <\/p><h2 id=\"como-recogemos-tus-datos\">\u00bfC\u00f3mo recogemos tus datos?<\/h2><p>Utilizamos diferentes m\u00e9todos para recopilar datos tuyos y sobre ti, por ejemplo a trav\u00e9s de:<\/p><p>un. Interacciones directas. Puedes facilitarnos tus datos personales rellenando formularios o manteniendo correspondencia con nosotros por correo postal, tel\u00e9fono, correo electr\u00f3nico, skype u otros medios. Esto incluye los datos personales que nos facilites cuando <\/p><p>solicitar nuestros productos o servicios;<br>suscribirte a nuestros servicios o publicaciones;<br>solicitar que te enviemos publicidad;<br>participar en un concurso, promoci\u00f3n o encuesta; o<br>darnos tu opini\u00f3n a trav\u00e9s del formulario de \u00bbcontacto\u00bb de nuestro sitio web.<br>b. Tecnolog\u00edas o interacciones automatizadas. A medida que interact\u00faas con nuestro sitio web, podemos recopilar autom\u00e1ticamente Datos T\u00e9cnicos sobre tu equipo, acciones de navegaci\u00f3n y patrones. Recogemos dichos datos utilizando cookies, registros de servidor y otras tecnolog\u00edas similares. Tambi\u00e9n podemos recibir Datos T\u00e9cnicos sobre ti si visitas otros sitios web que empleen nuestras cookies.  <\/p><p>c. Terceros o fuentes disponibles p\u00fablicamente. Podemos recibir datos personales sobre ti de varias terceras partes y fuentes p\u00fablicas, como Datos T\u00e9cnicos de proveedores de an\u00e1lisis como Google y\/o Facebook.<\/p><h2 id=\"como-utilizaremos-tus-datos\">\u00bfC\u00f3mo utilizaremos tus datos?<\/h2><p>Utilizaremos tus datos personales en las siguientes circunstancias:<\/p><p>un. Cuando sea necesario para nuestros intereses leg\u00edtimos (o los de un tercero) y sus intereses y derechos fundamentales no prevalezcan sobre dichos intereses.<\/p><p>b. Para enviarte por correo electr\u00f3nico ofertas especiales sobre otros productos y servicios que pensamos que podr\u00edan gustarte.<\/p><p>c. Para analizar y mejorar los servicios ofrecidos en nuestro Sitio Web.<\/p><p>d. Para hacer remarketing a trav\u00e9s de Google Analytics y el p\u00edxel de Facebook.<\/p><h2 id=\"como-almacenamos-tus-datos\">\u00bfC\u00f3mo almacenamos tus datos?<\/h2><p>Hemos establecido medidas de seguridad adecuadas para evitar que tus datos personales se pierdan accidentalmente, se utilicen o se acceda a ellos de forma no autorizada, se alteren o se divulguen. Adem\u00e1s, limitamos el acceso a tus datos personales a aquellos empleados, agentes, contratistas y otros terceros que tengan una necesidad comercial de conocerlos. Tratar\u00e1n tus datos personales siguiendo nuestras instrucciones, y est\u00e1n sujetos a un deber de confidencialidad.<br>\u00bfCu\u00e1les son tus derechos de protecci\u00f3n de datos?<br>Derecho de acceso - Tienes derecho a solicitar a Leverate el acceso a tus datos personales (lo que se conoce com\u00fanmente como \u00bbsolicitud de acceso del interesado\u00bb). Esto te permite recibir una copia de los datos personales que tenemos sobre ti y comprobar que los estamos procesando legalmente.   <\/p><p>Derecho de rectificaci\u00f3n - Tienes derecho a solicitar que Leverate corrija cualquier dato personal que tengamos sobre ti. Esto te permite completar o corregir (seg\u00fan corresponda) cualquier dato incompleto o inexacto que tengamos sobre ti, aunque es posible que tengamos que verificar la exactitud de los nuevos datos que nos facilites. <\/p><p>Derecho de supresi\u00f3n - Tienes derecho a solicitar que Leverate suprima tus datos personales, en determinadas condiciones. As\u00ed, tienes derecho a que se borren tus datos personales si: <\/p><p>un. los datos personales ya no son necesarios para el fin para el que los recogimos o tratamos originalmente;<\/p><p>b. nos basamos en tu consentimiento como fundamento jur\u00eddico para conservar tus datos, y retiras tu consentimiento;<\/p><p>c. nos basamos en intereses leg\u00edtimos para tratar tus datos, te opones al tratamiento de tus datos y no existe ning\u00fan inter\u00e9s leg\u00edtimo superior para que continuemos con este tratamiento;<\/p><p>d. estamos tratando tus datos personales con fines de marketing directo y te opones a dicho tratamiento;<\/p><p>e. hemos tratado tus datos personales de forma il\u00edcita (es decir, incumpliendo el requisito de licitud de nuestra recogida y tratamiento de tus datos personales);<\/p><p>f. tenemos que borrar tus datos para cumplir una obligaci\u00f3n legal; o<\/p><p>g. hemos tratado tus datos personales para ofrecer informaci\u00f3n o servicios a un ni\u00f1o.<\/p><p>Derecho a restringir el tratamiento - Tienes derecho a solicitar a Leverate que restrinja el tratamiento de tus datos personales, cuando no exista una buena raz\u00f3n para que sigamos trat\u00e1ndolos. Tambi\u00e9n tienes derecho a pedirnos que borremos o eliminemos tus datos personales cuando hayas ejercido con \u00e9xito tu derecho a oponerte al tratamiento (ver m\u00e1s abajo), cuando podamos haber tratado tu informaci\u00f3n de forma ilegal o cuando se nos exija borrar tus datos personales para cumplir con la legislaci\u00f3n local. Ten en cuenta, sin embargo, que no siempre podremos atender tu solicitud de borrado por motivos legales espec\u00edficos que te ser\u00e1n notificados, si procede, en el momento de tu solicitud.  <\/p><p>Derecho a oponerte al tratamiento - Tienes derecho a oponerte al tratamiento de tus datos personales por parte de Leverate, cuando nos basemos en un inter\u00e9s leg\u00edtimo (o en los de un tercero) y haya algo en tu situaci\u00f3n particular que te haga oponerte al tratamiento por este motivo, ya que consideras que afecta a tus derechos y libertades fundamentales. Tambi\u00e9n tienes derecho a oponerte cuando procesemos tus datos personales con fines de marketing directo. En algunos casos, podemos demostrar que tenemos motivos leg\u00edtimos imperiosos para procesar tu informaci\u00f3n que prevalecen sobre tus derechos y libertades.  <\/p><p>Derecho a la portabilidad de datos - Tienes derecho a solicitar que Leverate transfiera los datos que hemos recopilado a otra organizaci\u00f3n, o directamente a ti. Te proporcionaremos a ti, o a un tercero que hayas elegido, tus datos personales en un formato estructurado, de uso com\u00fan y lectura mec\u00e1nica. Ten en cuenta que este derecho s\u00f3lo se aplica a la informaci\u00f3n automatizada que inicialmente nos diste tu consentimiento para utilizar.  <\/p><p>El derecho a retirar el consentimiento en cualquier momento - cuando nos basemos en el consentimiento para procesar tus datos personales. Sin embargo, esto no afectar\u00e1 a la legalidad de cualquier tratamiento realizado antes de que retires tu consentimiento. Si retiras tu consentimiento, es posible que no podamos ofrecerte determinados productos o servicios. Te informaremos de ello en el momento en que retires tu consentimiento.   <\/p><h2 id=\"que-son-las-cookies\">\u00bfQu\u00e9 son las cookies?<\/h2><p>Las cookies son archivos de texto que se colocan en tu ordenador para recopilar informaci\u00f3n est\u00e1ndar de registro de Internet e informaci\u00f3n sobre el comportamiento de los visitantes. Cuando visitas nuestros sitios web, podemos recopilar informaci\u00f3n sobre ti de forma autom\u00e1tica a trav\u00e9s de cookies o tecnolog\u00eda similar, de forma que el sitio web visitado pueda guardar e identificar la actividad de navegaci\u00f3n del usuario y sus preferencias individuales, por ejemplo: para recopilar informaci\u00f3n sobre la actividad del Usuario en relaci\u00f3n con los Servicios y puede servir para recordar Datos Personales indicados previamente por un Usuario, como su ID de usuario y contrase\u00f1a para acceder al\/los Servicio(s). <\/p><p>En particular, los proveedores de tecnolog\u00eda de la Empresa podr\u00edan estar utilizando \u00bbFlash Cookies\u00bb y\/o tecnolog\u00edas de almacenamiento local para ayudar a los usuarios a acceder a las cuentas del Cliente sin problemas y guardar la configuraci\u00f3n de sus cuentas en sus navegadores. Ten en cuenta que la mayor\u00eda de los navegadores permiten controlar las cookies, incluyendo si aceptarlas o no y c\u00f3mo eliminarlas. <\/p><p>Para m\u00e1s informaci\u00f3n, visita allaboutcookies.org<\/p><h2 id=\"como-utilizamos-las-cookies\">\u00bfC\u00f3mo utilizamos las cookies?<\/h2><p>Las cookies son descargadas por tu navegador cada vez que accedes a nuestro sitio web. Los datos almacenados se utilizan para rastrear tu ruta de navegaci\u00f3n y las p\u00e1ginas que visitas con m\u00e1s frecuencia. Las cookies se suelen introducir para mejorar la eficacia de los sitios web. Al rastrear el comportamiento de nuestros usuarios, intentamos hacer que nuestro sitio web sea m\u00e1s f\u00e1cil de usar y se adapte a tus preferencias, as\u00ed como comprender mejor c\u00f3mo utilizas nuestro sitio web. Las cookies tambi\u00e9n se utilizan para mostrar anuncios de remarketing, basados en las visitas anteriores del usuario al sitio web, a trav\u00e9s de Internet.    <\/p><p>Nosotros y terceros (por ejemplo, Google Analytics y Facebook Pixel) utilizamos cookies y otras tecnolog\u00edas de seguimiento para recopilar informaci\u00f3n, comunicarnos, analizar tendencias, administrar el sitio web, seguir los movimientos de los usuarios por el sitio web y recopilar informaci\u00f3n demogr\u00e1fica.<\/p><h2 id=\"que-tipos-de-cookies-utilizamos\">\u00bfQu\u00e9 tipos de cookies utilizamos?<\/h2><p>Cookies estrictamente necesarias: Estas cookies son esenciales para el funcionamiento de nuestro sitio web. Sin estas cookies nuestros sitios web no funcionar\u00edan correctamente. Se guardan temporalmente como informaci\u00f3n de acceso y expiran una vez que se cierra el navegador.  <\/p><p>Cookies de preferencias: Las cookies de preferencias permiten que un sitio web recuerde informaci\u00f3n que modifica el comportamiento o el aspecto del sitio web, como tu idioma preferido o la regi\u00f3n en la que te encuentras.<\/p><p>Cookies anal\u00edticas: La informaci\u00f3n proporcionada por las cookies anal\u00edticas nos permite analizar patrones de comportamiento de los visitantes y utilizamos esa informaci\u00f3n para mejorar la experiencia general o identificar \u00e1reas del sitio web que puedan requerir mantenimiento. La informaci\u00f3n es an\u00f3nima (es decir, no puede utilizarse para identificarte y no contiene datos personales como tu nombre y direcci\u00f3n de correo electr\u00f3nico) y s\u00f3lo se utiliza con fines estad\u00edsticos. Las cookies de comportamiento son similares a las anal\u00edticas y recuerdan que has visitado un sitio web y utilizan esa informaci\u00f3n para ofrecerte contenidos adaptados a tus intereses.  <\/p><p>Cookies promocionales: Estas cookies se utilizan para hacer un seguimiento de los visitantes en todos los sitios web. La intenci\u00f3n es mostrar anuncios que sean relevantes y atractivos para el usuario individual y, por tanto, m\u00e1s valiosos para los editores y los anunciantes de terceros. <\/p><p>P\u00edxel de Facebook: Nuestro sitio web mide las conversiones utilizando p\u00edxeles de acci\u00f3n de visitantes de Facebook. \u00c9stos permiten realizar un seguimiento del comportamiento de los visitantes del sitio despu\u00e9s de que hagan clic en un anuncio de Facebook para llegar al sitio web del proveedor. Esto permite analizar la eficacia de los anuncios de Facebook con fines estad\u00edsticos y de investigaci\u00f3n de mercado, as\u00ed como su futura optimizaci\u00f3n. Los datos recogidos son an\u00f3nimos para nosotros como operadores de este sitio web y no podemos utilizarlos para sacar conclusiones sobre la identidad de nuestros usuarios. Sin embargo, los datos son almacenados y procesados por Facebook, que puede establecer una conexi\u00f3n con tu perfil de Facebook y que puede utilizar los datos para sus propios fines publicitarios, tal y como se estipula en la pol\u00edtica de privacidad de Facebook. Esto permitir\u00e1 a Facebook mostrar anuncios tanto en Facebook como en sitios de terceros. No tenemos ning\u00fan control sobre c\u00f3mo se utilizan estos datos. Consulta la pol\u00edtica de privacidad de Facebook para obtener m\u00e1s informaci\u00f3n sobre la protecci\u00f3n de tu privacidad: https:\/\/www.facebook.com\/about\/privacy\/.       <\/p><p>Tambi\u00e9n puedes desactivar la funci\u00f3n de remarketing de p\u00fablicos personalizados en la secci\u00f3n Configuraci\u00f3n de anuncios de Facebook en https:\/\/www.facebook.com\/ads\/preferences\/?entry_product=ad_settings_screen.<\/p><p>Si no tienes una cuenta de Facebook, puedes excluirte de la publicidad basada en el uso de Facebook en el sitio web de la Alianza Europea de Publicidad Digital Interactiva: http:\/\/www.youronlinechoices.com\/de\/praferenzmanagement\/.<\/p><p>Google Analytics: Nuestros sitios web utilizan las funciones de Google Analytics Remarketing. Esta funci\u00f3n permite vincular audiencias objetivo para marketing promocional creadas con Google Analytics Remarketing a las capacidades multidispositivo de Google AdWords y Google DoubleClick. Esto permite mostrar publicidad basada en tus intereses personales, identificados en funci\u00f3n de tu uso y comportamiento de navegaci\u00f3n anteriores en un dispositivo (por ejemplo, tu tel\u00e9fono m\u00f3vil), en otros dispositivos (como una tableta o un ordenador). Para ello, Google asociar\u00e1 tu historial de navegaci\u00f3n por la web y las aplicaciones a tu cuenta de Google. De este modo, cualquier dispositivo que acceda a tu cuenta de Google podr\u00e1 utilizar los mismos mensajes promocionales personalizados.    <\/p><p>Puedes excluirte permanentemente del remarketing\/targeting entre dispositivos desactivando la publicidad personalizada en tu cuenta de Google; sigue este enlace: https:\/\/www.google.com\/settings\/ads\/onweb\/.<\/p><h2 id=\"como-gestionar-tus-cookies\">\u00bfC\u00f3mo gestionar tus cookies?<\/h2><p>Tu privacidad es importante para nosotros. Si lo deseas, puedes configurar tu navegador para que rechace todas las cookies o algunas de ellas, o para que te avise cuando los sitios web instalen cookies o accedan a ellas. Si desactivas o rechazas las cookies, ten en cuenta que algunas partes de nuestro sitio web pueden resultar inaccesibles o no funcionar correctamente.  <\/p><h2 id=\"cambio-de-finalidad\">Cambio de finalidad<\/h2><p>Utilizaremos tus datos personales para los fines para los que los recopilamos, a menos que consideremos razonablemente que necesitamos utilizarlos para otro fin y ese fin sea compatible con el fin original. Si deseas obtener una explicaci\u00f3n sobre c\u00f3mo el tratamiento para la nueva finalidad es compatible con la finalidad original, ponte en contacto con nosotros. Si necesitamos utilizar tus datos personales para un fin no relacionado, te lo notificaremos y te explicaremos la base jur\u00eddica que nos permite hacerlo.  <\/p><p>Ten en cuenta que podemos procesar tus datos personales sin tu conocimiento o consentimiento, en cumplimiento de las normas anteriores, cuando as\u00ed lo exija o permita la ley.<\/p><p>Divulgaci\u00f3n de tus datos personales<br>Es posible que tengamos que compartir tus datos personales con terceros para llevar a cabo nuestros servicios. Exigimos a todos los terceros que respeten la seguridad de tus datos personales y los traten de acuerdo con la ley. <\/p><p>Pol\u00edticas de privacidad de otros sitios web (enlaces de terceros)<br>El sitio web de Leverate contiene enlaces a plug-ins y aplicaciones de otros sitios web. Hacer clic en esos enlaces o activar esas conexiones puede permitir que terceros recopilen o compartan datos sobre ti. No controlamos estos sitios web de terceros y no somos responsables de sus declaraciones de privacidad. Nuestra pol\u00edtica de privacidad s\u00f3lo se aplica a nuestro sitio web. Cuando salgas de nuestro sitio web, te animamos a que leas el aviso de privacidad de cada sitio web que visites.    <\/p><h2 id=\"cambios-en-nuestra-politica-de-privacidad\">Cambios en nuestra pol\u00edtica de privacidad<\/h2><p>Nuestra empresa revisa peri\u00f3dicamente su pol\u00edtica de privacidad y publica cualquier actualizaci\u00f3n en esta p\u00e1gina web. Esta pol\u00edtica de privacidad se actualiz\u00f3 por \u00faltima vez el 10 de enero de 2024. <\/p><h2 id=\"como-contactar-con-nosotros\">\u00bfC\u00f3mo contactar con nosotros?<\/h2><p>Cualquier consulta, pregunta o duda relativa a las pr\u00e1cticas de privacidad de Leverate o a esta Pol\u00edtica, puede dirigirse a la siguiente direcci\u00f3n: legal@leverate.com<\/p><p>Nota: Los encabezamientos utilizados para las secciones de esta Pol\u00edtica de Privacidad son s\u00f3lo para fines de conveniencia y referencia y no afectar\u00e1n en modo alguno al significado o interpretaci\u00f3n de esta Pol\u00edtica de Privacidad. Las obligaciones y derechos establecidos en esta Pol\u00edtica de Privacidad sobrevivir\u00e1n a cualquier terminaci\u00f3n o expiraci\u00f3n de tu uso de nuestro Sitio Web. <\/p>\t\t\t\t\t\t\t\t<\/div>\n\t\t\t\t<\/div>\n\t\t\t\t\t<\/div>\n\t\t\t\t<\/div>\n\t\t\t\t<\/div>\n\t\t","protected":false},"excerpt":{"rendered":"<p>Una secci\u00f3n sobre informaci\u00f3n legal, que incluya t\u00e9rminos y condiciones, pol\u00edtica de privacidad e informaci\u00f3n sobre el cumplimiento de la normativa Temas Bienvenido a Leverate Leverate Technological Trading Ltd. (\u00bbLeverate\u00bb o la \u00bbEmpresa\u00bb) forma parte del Grupo Leverate, que se centra en proporcionar soluciones y servicios tecnol\u00f3gicos de intermediaci\u00f3n de primera calidad. Esta pol\u00edtica de [&hellip;]<\/p>\n","protected":false},"author":7,"featured_media":0,"parent":0,"menu_order":0,"comment_status":"closed","ping_status":"closed","template":"","meta":{"_acf_changed":false,"footnotes":""},"class_list":["post-55202","page","type-page","status-publish","hentry"],"acf":[],"_links":{"self":[{"href":"https:\/\/staging.leverate.com\/es\/wp-json\/wp\/v2\/pages\/55202","targetHints":{"allow":["GET"]}}],"collection":[{"href":"https:\/\/staging.leverate.com\/es\/wp-json\/wp\/v2\/pages"}],"about":[{"href":"https:\/\/staging.leverate.com\/es\/wp-json\/wp\/v2\/types\/page"}],"author":[{"embeddable":true,"href":"https:\/\/staging.leverate.com\/es\/wp-json\/wp\/v2\/users\/7"}],"replies":[{"embeddable":true,"href":"https:\/\/staging.leverate.com\/es\/wp-json\/wp\/v2\/comments?post=55202"}],"version-history":[{"count":0,"href":"https:\/\/staging.leverate.com\/es\/wp-json\/wp\/v2\/pages\/55202\/revisions"}],"wp:attachment":[{"href":"https:\/\/staging.leverate.com\/es\/wp-json\/wp\/v2\/media?parent=55202"}],"curies":[{"name":"wp","href":"https:\/\/api.w.org\/{rel}","templated":true}]}}